{"id":3194,"date":"2023-05-09T20:35:36","date_gmt":"2023-05-09T18:35:36","guid":{"rendered":"https:\/\/flixtalent.com\/?page_id=3194"},"modified":"2023-06-26T01:49:37","modified_gmt":"2023-06-25T23:49:37","slug":"flixmonitor-business","status":"publish","type":"page","link":"https:\/\/flixtalent.com\/en\/flixmonitor-business\/","title":{"rendered":"Flixmonitor Business"},"content":{"rendered":"<div data-elementor-type=\"wp-page\" data-elementor-id=\"3194\" class=\"elementor elementor-3194\">\n\t\t\t\t\t\t\t<div class=\"elementor-element elementor-element-a1e34e6 e-con-boxed wpr-particle-no wpr-jarallax-no wpr-parallax-no e-con\" data-id=\"a1e34e6\" data-element_type=\"container\" data-settings=\"{&quot;content_width&quot;:&quot;boxed&quot;}\">\n\t\t\t\t\t<div class=\"e-con-inner\">\n\t\t<div class=\"elementor-element elementor-element-dae684d e-con-boxed wpr-particle-no wpr-jarallax-no wpr-parallax-no e-con\" data-id=\"dae684d\" data-element_type=\"container\" data-settings=\"{&quot;content_width&quot;:&quot;boxed&quot;}\">\n\t\t\t\t\t<div class=\"e-con-inner\">\n\t\t\t\t<div class=\"elementor-element elementor-element-8981804 elementor-widget__width-initial elementor-widget elementor-widget-heading\" data-id=\"8981804\" data-element_type=\"widget\" data-widget_type=\"heading.default\">\n\t\t\t\t<div class=\"elementor-widget-container\">\n\t\t\t<style>\/*! elementor - v3.12.0 - 29-03-2023 *\/\n.elementor-heading-title{padding:0;margin:0;line-height:1}.elementor-widget-heading .elementor-heading-title[class*=elementor-size-]>a{color:inherit;font-size:inherit;line-height:inherit}.elementor-widget-heading .elementor-heading-title.elementor-size-small{font-size:15px}.elementor-widget-heading .elementor-heading-title.elementor-size-medium{font-size:19px}.elementor-widget-heading .elementor-heading-title.elementor-size-large{font-size:29px}.elementor-widget-heading .elementor-heading-title.elementor-size-xl{font-size:39px}.elementor-widget-heading .elementor-heading-title.elementor-size-xxl{font-size:59px}<\/style><h2 class=\"elementor-heading-title elementor-size-default\">FlixMonitor<\/h2>\t\t<\/div>\n\t\t\t\t<\/div>\n\t\t\t\t\t<\/div>\n\t\t\t\t<\/div>\n\t\t\t\t\t<\/div>\n\t\t\t\t<\/div>\n\t\t<div class=\"elementor-element elementor-element-709be0e e-con-boxed wpr-particle-no wpr-jarallax-no wpr-parallax-no e-con\" data-id=\"709be0e\" data-element_type=\"container\" data-settings=\"{&quot;content_width&quot;:&quot;boxed&quot;}\">\n\t\t\t\t\t<div class=\"e-con-inner\">\n\t\t<div class=\"elementor-element elementor-element-93fc43b e-con-boxed wpr-particle-no wpr-jarallax-no wpr-parallax-no e-con\" data-id=\"93fc43b\" data-element_type=\"container\" data-settings=\"{&quot;content_width&quot;:&quot;boxed&quot;}\">\n\t\t\t\t\t<div class=\"e-con-inner\">\n\t\t\t\t<div class=\"elementor-element elementor-element-5f16741 wpr-adv-slider-columns-1 wpr-adv-slider-columns--tablet1 wpr-adv-slider-columns--mobile1 wpr-adv-slides-to-scroll-1 wpr-slider-dots-horizontal elementor-widget elementor-widget-wpr-advanced-slider\" data-id=\"5f16741\" data-element_type=\"widget\" data-settings=\"{&quot;slider_amount&quot;:1,&quot;slider_amount_tablet&quot;:1,&quot;slider_amount_mobile&quot;:1,&quot;slides_to_scroll&quot;:1}\" data-widget_type=\"wpr-advanced-slider.default\">\n\t\t\t\t<div class=\"elementor-widget-container\">\n\t\t\t\n\t\t<!-- Advanced Slider -->\n\t\t<div class=\"wpr-advanced-slider-wrap\">\n\t\t\t\n\t\t\t<div class=\"wpr-advanced-slider\" dir=\"ltr\" data-slick=\"{&quot;rtl&quot;:false,&quot;speed&quot;:700,&quot;arrows&quot;:true,&quot;dots&quot;:true,&quot;autoplay&quot;:false,&quot;autoplaySpeed&quot;:0,&quot;pauseOnHover&quot;:&quot;&quot;,&quot;prevArrow&quot;:&quot;#wpr-slider-prev-5f16741&quot;,&quot;nextArrow&quot;:&quot;#wpr-slider-next-5f16741&quot;,&quot;vertical&quot;:false}\" data-slide-effect=\"fade\">\n\t\t\t\t<div class=\"wpr-slider-item elementor-repeater-item-56c5065\"><div class=\"wpr-slider-item-bg\" style=\"background-image: url(https:\/\/flixtalent.com\/wp-content\/uploads\/2023\/04\/flixroom_explorer_1-100.jpg)\"><\/div><div class=\"wpr-slider-item-overlay\"><\/div><div class=\"wpr-cv-container\"><div class=\"wpr-cv-outer\"><div class=\"wpr-cv-inner\"><div class=\"wpr-slider-content\"><div class=\"wpr-slider-title\"><h2>S\u00e9lectionner<\/h2><\/div><div class=\"wpr-slider-btns\"><\/div><\/div><\/div><\/div><\/div><\/div><div class=\"wpr-slider-item elementor-repeater-item-4abe4a4\"><div class=\"wpr-slider-item-bg\" style=\"background-image: url(https:\/\/flixtalent.com\/wp-content\/uploads\/2023\/04\/flixroom_briller_1-100.jpg)\"><\/div><div class=\"wpr-slider-item-overlay\"><\/div><div class=\"wpr-cv-container\"><div class=\"wpr-cv-outer\"><div class=\"wpr-cv-inner\"><div class=\"wpr-slider-content\"><div class=\"wpr-slider-title\"><h2>Engager<\/h2><\/div><div class=\"wpr-slider-btns\"><\/div><\/div><\/div><\/div><\/div><\/div><div class=\"wpr-slider-item elementor-repeater-item-1bf2812\"><div class=\"wpr-slider-item-bg\" style=\"background-image: url(https:\/\/flixtalent.com\/wp-content\/uploads\/2023\/04\/flixroom_valoriser_1-100.jpg)\"><\/div><div class=\"wpr-slider-item-overlay\"><\/div><div class=\"wpr-cv-container\"><div class=\"wpr-cv-outer\"><div class=\"wpr-cv-inner\"><div class=\"wpr-slider-content\"><div class=\"wpr-slider-title\"><h2>R\u00e9ussir<\/h2><\/div><div class=\"wpr-slider-btns\"><\/div><\/div><\/div><\/div><\/div><\/div>\t\t\t<\/div>\n\t\t\t<div class=\"wpr-slider-controls\">\n\t\t\t\t<div class=\"wpr-slider-dots\"><\/div>\n\t\t\t<\/div>\n\n\t\t\t<div class=\"wpr-slider-arrow-container\">\n\t\t\t\t<div class=\"wpr-slider-prev-arrow wpr-slider-arrow\" id=\"wpr-slider-prev-5f16741\">\n\t\t\t\t\t<svg version=\"1.1\" xmlns=\"http:\/\/www.w3.org\/2000\/svg\" xmlns:xlink=\"http:\/\/www.w3.org\/1999\/xlink\" x=\"0px\" y=\"0px\" viewbox=\"0 0 283.4 512\" style=\"enable-background:new 0 0 283.4 512;\" xml:space=\"preserve\"><g><polygon class=\"st0\" points=\"54.5,256.3 283.4,485.1 256.1,512.5 0,256.3 0,256.3 27.2,229 256.1,0 283.4,27.4 \"\/><\/g><\/svg>\t\t\t\t<\/div>\n\t\t\t\t<div class=\"wpr-slider-next-arrow wpr-slider-arrow\" id=\"wpr-slider-next-5f16741\">\n\t\t\t\t\t<svg version=\"1.1\" xmlns=\"http:\/\/www.w3.org\/2000\/svg\" xmlns:xlink=\"http:\/\/www.w3.org\/1999\/xlink\" x=\"0px\" y=\"0px\" viewbox=\"0 0 283.4 512\" style=\"enable-background:new 0 0 283.4 512;\" xml:space=\"preserve\"><g><polygon class=\"st0\" points=\"54.5,256.3 283.4,485.1 256.1,512.5 0,256.3 0,256.3 27.2,229 256.1,0 283.4,27.4 \"\/><\/g><\/svg>\t\t\t\t<\/div>\n\t\t\t<\/div>\n\t\t\t\n\t\t\t\n\t\t<\/div>\n\t\t\t\t<\/div>\n\t\t\t\t<\/div>\n\t\t\t\t\t<\/div>\n\t\t\t\t<\/div>\n\t\t\t\t\t<\/div>\n\t\t\t\t<\/div>\n\t\t<div class=\"elementor-element elementor-element-e6f69d1 e-con-boxed wpr-particle-no wpr-jarallax-no wpr-parallax-no e-con\" data-id=\"e6f69d1\" data-element_type=\"container\" data-settings=\"{&quot;content_width&quot;:&quot;boxed&quot;}\">\n\t\t\t\t\t<div class=\"e-con-inner\">\n\t\t<div class=\"elementor-element elementor-element-aac6815 e-con-boxed wpr-particle-no wpr-jarallax-no wpr-parallax-no e-con\" data-id=\"aac6815\" data-element_type=\"container\" data-settings=\"{&quot;content_width&quot;:&quot;boxed&quot;}\">\n\t\t\t\t\t<div class=\"e-con-inner\">\n\t\t<div class=\"elementor-element elementor-element-2bd28e5 e-con-full wpr-particle-no wpr-jarallax-no wpr-parallax-no e-con\" data-id=\"2bd28e5\" data-element_type=\"container\" data-settings=\"{&quot;content_width&quot;:&quot;full&quot;}\">\n\t\t\t\t<div class=\"elementor-element elementor-element-130b3f2 elementor-widget elementor-widget-heading\" data-id=\"130b3f2\" data-element_type=\"widget\" data-widget_type=\"heading.default\">\n\t\t\t\t<div class=\"elementor-widget-container\">\n\t\t\t<h2 class=\"elementor-heading-title elementor-size-default\">Identifier les meilleurs talents<\/h2>\t\t<\/div>\n\t\t\t\t<\/div>\n\t\t\t\t<div class=\"elementor-element elementor-element-b40ce91 elementor-widget elementor-widget-text-editor\" data-id=\"b40ce91\" data-element_type=\"widget\" data-widget_type=\"text-editor.default\">\n\t\t\t\t<div class=\"elementor-widget-container\">\n\t\t\t<style>\/*! elementor - v3.12.0 - 29-03-2023 *\/\n.elementor-widget-text-editor.elementor-drop-cap-view-stacked .elementor-drop-cap{background-color:#69727d;color:#fff}.elementor-widget-text-editor.elementor-drop-cap-view-framed .elementor-drop-cap{color:#69727d;border:3px solid;background-color:transparent}.elementor-widget-text-editor:not(.elementor-drop-cap-view-default) .elementor-drop-cap{margin-top:8px}.elementor-widget-text-editor:not(.elementor-drop-cap-view-default) .elementor-drop-cap-letter{width:1em;height:1em}.elementor-widget-text-editor .elementor-drop-cap{float:left;text-align:center;line-height:1;font-size:50px}.elementor-widget-text-editor .elementor-drop-cap-letter{display:inline-block}<\/style>\t\t\t\tUne plateforme de s\u00e9lection des meilleurs professionnels et talents pour vous impacter\n\t\t\t\t\t\t<\/div>\n\t\t\t\t<\/div>\n\t\t\t\t<div class=\"elementor-element elementor-element-9a0898e elementor-widget elementor-widget-button\" data-id=\"9a0898e\" data-element_type=\"widget\" data-widget_type=\"button.default\">\n\t\t\t\t<div class=\"elementor-widget-container\">\n\t\t\t\t\t<div class=\"elementor-button-wrapper\">\n\t\t\t<a href=\"https:\/\/flixtalent.com\/en\/pour-les-entreprises\/\" class=\"elementor-button-link elementor-button elementor-size-sm\" role=\"button\">\n\t\t\t\t\t\t<span class=\"elementor-button-content-wrapper\">\n\t\t\t\t\t\t<span class=\"elementor-button-text\">\u00c0 partir de 489,90 \u20ac \/ Mois<\/span>\n\t\t<\/span>\n\t\t\t\t\t<\/a>\n\t\t<\/div>\n\t\t\t\t<\/div>\n\t\t\t\t<\/div>\n\t\t\t\t<\/div>\n\t\t<div class=\"elementor-element elementor-element-9680a67 e-con-full wpr-particle-no wpr-jarallax-no wpr-parallax-no e-con\" data-id=\"9680a67\" data-element_type=\"container\" data-settings=\"{&quot;content_width&quot;:&quot;full&quot;}\">\n\t\t\t\t<div class=\"elementor-element elementor-element-62313cd elementor-widget elementor-widget-image\" data-id=\"62313cd\" data-element_type=\"widget\" data-widget_type=\"image.default\">\n\t\t\t\t<div class=\"elementor-widget-container\">\n\t\t\t<style>\/*! elementor - v3.12.0 - 29-03-2023 *\/\n.elementor-widget-image{text-align:center}.elementor-widget-image a{display:inline-block}.elementor-widget-image a img[src$=\".svg\"]{width:48px}.elementor-widget-image img{vertical-align:middle;display:inline-block}<\/style>\t\t\t\t\t\t\t\t\t\t\t\t<img loading=\"lazy\" decoding=\"async\" width=\"329\" height=\"334\" src=\"https:\/\/flixtalent.com\/wp-content\/uploads\/2023\/06\/1-FlixMonitor_Entreprise.svg\" class=\"attachment-large size-large wp-image-3807\" alt=\"\" style=\"width:100%;height:101.52%;max-width:329px\" \/>\t\t\t\t\t\t\t\t\t\t\t\t\t\t\t<\/div>\n\t\t\t\t<\/div>\n\t\t\t\t<\/div>\n\t\t\t\t\t<\/div>\n\t\t\t\t<\/div>\n\t\t\t\t\t<\/div>\n\t\t\t\t<\/div>\n\t\t<div class=\"elementor-element elementor-element-329691d e-con-boxed wpr-particle-no wpr-jarallax-no wpr-parallax-no e-con\" data-id=\"329691d\" data-element_type=\"container\" data-settings=\"{&quot;content_width&quot;:&quot;boxed&quot;}\">\n\t\t\t\t\t<div class=\"e-con-inner\">\n\t\t<div class=\"elementor-element elementor-element-79d9fbe e-con-boxed wpr-particle-no wpr-jarallax-no wpr-parallax-no e-con\" data-id=\"79d9fbe\" data-element_type=\"container\" data-settings=\"{&quot;content_width&quot;:&quot;boxed&quot;}\">\n\t\t\t\t\t<div class=\"e-con-inner\">\n\t\t<div class=\"elementor-element elementor-element-73c7f5c e-con-full wpr-particle-no wpr-jarallax-no wpr-parallax-no e-con\" data-id=\"73c7f5c\" data-element_type=\"container\" data-settings=\"{&quot;content_width&quot;:&quot;full&quot;}\">\n\t\t\t\t<div class=\"elementor-element elementor-element-ac113d4 elementor-widget elementor-widget-image\" data-id=\"ac113d4\" data-element_type=\"widget\" data-widget_type=\"image.default\">\n\t\t\t\t<div class=\"elementor-widget-container\">\n\t\t\t\t\t\t\t\t\t\t\t\t\t\t\t<img loading=\"lazy\" decoding=\"async\" width=\"329\" height=\"334\" src=\"https:\/\/flixtalent.com\/wp-content\/uploads\/2023\/06\/2-FlixMonitor_Entreprise.svg\" class=\"attachment-large size-large wp-image-3808\" alt=\"\" style=\"width:100%;height:101.52%;max-width:329px\" \/>\t\t\t\t\t\t\t\t\t\t\t\t\t\t\t<\/div>\n\t\t\t\t<\/div>\n\t\t\t\t<\/div>\n\t\t<div class=\"elementor-element elementor-element-eb9f086 e-con-full wpr-particle-no wpr-jarallax-no wpr-parallax-no e-con\" data-id=\"eb9f086\" data-element_type=\"container\" data-settings=\"{&quot;content_width&quot;:&quot;full&quot;}\">\n\t\t\t\t<div class=\"elementor-element elementor-element-2a27d8d elementor-widget elementor-widget-heading\" data-id=\"2a27d8d\" data-element_type=\"widget\" data-widget_type=\"heading.default\">\n\t\t\t\t<div class=\"elementor-widget-container\">\n\t\t\t<h2 class=\"elementor-heading-title elementor-size-default\">Collabore avec les meilleurs talents<\/h2>\t\t<\/div>\n\t\t\t\t<\/div>\n\t\t\t\t<div class=\"elementor-element elementor-element-481cb31 elementor-widget elementor-widget-text-editor\" data-id=\"481cb31\" data-element_type=\"widget\" data-widget_type=\"text-editor.default\">\n\t\t\t\t<div class=\"elementor-widget-container\">\n\t\t\t\t\t\t\tDes espaces d\u2019\u00e9changes avec des professionnels d\u00e9termin\u00e9s \u00e0 r\u00e9ussir leurs carri\u00e8res professionnelles et \u00e0 exceller dans vos projets\n\t\t\t\t\t\t<\/div>\n\t\t\t\t<\/div>\n\t\t\t\t<div class=\"elementor-element elementor-element-7cd8303 elementor-widget elementor-widget-button\" data-id=\"7cd8303\" data-element_type=\"widget\" data-widget_type=\"button.default\">\n\t\t\t\t<div class=\"elementor-widget-container\">\n\t\t\t\t\t<div class=\"elementor-button-wrapper\">\n\t\t\t<a href=\"https:\/\/flixtalent.com\/en\/pour-les-entreprises\/\" class=\"elementor-button-link elementor-button elementor-size-sm\" role=\"button\">\n\t\t\t\t\t\t<span class=\"elementor-button-content-wrapper\">\n\t\t\t\t\t\t<span class=\"elementor-button-text\">\u00c0 partir de 489,90 \u20ac \/ Mois<\/span>\n\t\t<\/span>\n\t\t\t\t\t<\/a>\n\t\t<\/div>\n\t\t\t\t<\/div>\n\t\t\t\t<\/div>\n\t\t\t\t<\/div>\n\t\t\t\t\t<\/div>\n\t\t\t\t<\/div>\n\t\t\t\t\t<\/div>\n\t\t\t\t<\/div>\n\t\t<div class=\"elementor-element elementor-element-7e2281d e-con-boxed wpr-particle-no wpr-jarallax-no wpr-parallax-no e-con\" data-id=\"7e2281d\" data-element_type=\"container\" data-settings=\"{&quot;content_width&quot;:&quot;boxed&quot;}\">\n\t\t\t\t\t<div class=\"e-con-inner\">\n\t\t<div class=\"elementor-element elementor-element-09cfdaa e-con-boxed wpr-particle-no wpr-jarallax-no wpr-parallax-no e-con\" data-id=\"09cfdaa\" data-element_type=\"container\" data-settings=\"{&quot;content_width&quot;:&quot;boxed&quot;}\">\n\t\t\t\t\t<div class=\"e-con-inner\">\n\t\t<div class=\"elementor-element elementor-element-1421dc7 e-con-full wpr-particle-no wpr-jarallax-no wpr-parallax-no e-con\" data-id=\"1421dc7\" data-element_type=\"container\" data-settings=\"{&quot;content_width&quot;:&quot;full&quot;}\">\n\t\t\t\t<div class=\"elementor-element elementor-element-d1eeed9 elementor-widget elementor-widget-heading\" data-id=\"d1eeed9\" data-element_type=\"widget\" data-widget_type=\"heading.default\">\n\t\t\t\t<div class=\"elementor-widget-container\">\n\t\t\t<h2 class=\"elementor-heading-title elementor-size-default\">Supervise l'impact des meilleurs talents<\/h2>\t\t<\/div>\n\t\t\t\t<\/div>\n\t\t\t\t<div class=\"elementor-element elementor-element-56b9d72 elementor-widget elementor-widget-text-editor\" data-id=\"56b9d72\" data-element_type=\"widget\" data-widget_type=\"text-editor.default\">\n\t\t\t\t<div class=\"elementor-widget-container\">\n\t\t\t\t\t\t\tUn outil enti\u00e8rement gouvern\u00e9 par les donn\u00e9es et qui permet le suivi sur pied des r\u00e9sultats\t\t\t\t\t\t<\/div>\n\t\t\t\t<\/div>\n\t\t\t\t<div class=\"elementor-element elementor-element-ba75227 elementor-widget elementor-widget-button\" data-id=\"ba75227\" data-element_type=\"widget\" data-widget_type=\"button.default\">\n\t\t\t\t<div class=\"elementor-widget-container\">\n\t\t\t\t\t<div class=\"elementor-button-wrapper\">\n\t\t\t<a href=\"https:\/\/flixtalent.com\/en\/pour-les-entreprises\/\" class=\"elementor-button-link elementor-button elementor-size-sm\" role=\"button\">\n\t\t\t\t\t\t<span class=\"elementor-button-content-wrapper\">\n\t\t\t\t\t\t<span class=\"elementor-button-text\">\u00c0 partir de 489,90 \u20ac \/ Mois<\/span>\n\t\t<\/span>\n\t\t\t\t\t<\/a>\n\t\t<\/div>\n\t\t\t\t<\/div>\n\t\t\t\t<\/div>\n\t\t\t\t<\/div>\n\t\t<div class=\"elementor-element elementor-element-7faafd2 e-con-full wpr-particle-no wpr-jarallax-no wpr-parallax-no e-con\" data-id=\"7faafd2\" data-element_type=\"container\" data-settings=\"{&quot;content_width&quot;:&quot;full&quot;}\">\n\t\t\t\t<div class=\"elementor-element elementor-element-f268ac6 elementor-widget elementor-widget-image\" data-id=\"f268ac6\" data-element_type=\"widget\" data-widget_type=\"image.default\">\n\t\t\t\t<div class=\"elementor-widget-container\">\n\t\t\t\t\t\t\t\t\t\t\t\t\t\t\t<img loading=\"lazy\" decoding=\"async\" width=\"329\" height=\"334\" src=\"https:\/\/flixtalent.com\/wp-content\/uploads\/2023\/06\/3-FlixMonitor_Entreprise.svg\" class=\"attachment-large size-large wp-image-3809\" alt=\"\" style=\"width:100%;height:101.52%;max-width:329px\" \/>\t\t\t\t\t\t\t\t\t\t\t\t\t\t\t<\/div>\n\t\t\t\t<\/div>\n\t\t\t\t<\/div>\n\t\t\t\t\t<\/div>\n\t\t\t\t<\/div>\n\t\t\t\t\t<\/div>\n\t\t\t\t<\/div>\n\t\t<div class=\"elementor-element elementor-element-c05bf99 e-con-boxed wpr-particle-no wpr-jarallax-no wpr-parallax-no e-con\" data-id=\"c05bf99\" data-element_type=\"container\" data-settings=\"{&quot;content_width&quot;:&quot;boxed&quot;}\">\n\t\t\t\t\t<div class=\"e-con-inner\">\n\t\t<div class=\"elementor-element elementor-element-06de9a1 e-con-boxed wpr-particle-no wpr-jarallax-no wpr-parallax-no e-con\" data-id=\"06de9a1\" data-element_type=\"container\" data-settings=\"{&quot;content_width&quot;:&quot;boxed&quot;}\">\n\t\t\t\t\t<div class=\"e-con-inner\">\n\t\t<div class=\"elementor-element elementor-element-947742d e-con-full wpr-particle-no wpr-jarallax-no wpr-parallax-no e-con\" data-id=\"947742d\" data-element_type=\"container\" data-settings=\"{&quot;content_width&quot;:&quot;full&quot;}\">\n\t\t\t\t<div class=\"elementor-element elementor-element-b4e4424 elementor-widget elementor-widget-image\" data-id=\"b4e4424\" data-element_type=\"widget\" data-widget_type=\"image.default\">\n\t\t\t\t<div class=\"elementor-widget-container\">\n\t\t\t\t\t\t\t\t\t\t\t\t\t\t\t<img loading=\"lazy\" decoding=\"async\" width=\"329\" height=\"334\" src=\"https:\/\/flixtalent.com\/wp-content\/uploads\/2023\/06\/4-FlixMonitor_Entreprise.svg\" class=\"attachment-large size-large wp-image-3810\" alt=\"\" style=\"width:100%;height:101.52%;max-width:329px\" \/>\t\t\t\t\t\t\t\t\t\t\t\t\t\t\t<\/div>\n\t\t\t\t<\/div>\n\t\t\t\t<\/div>\n\t\t<div class=\"elementor-element elementor-element-89d19b5 e-con-full wpr-particle-no wpr-jarallax-no wpr-parallax-no e-con\" data-id=\"89d19b5\" data-element_type=\"container\" data-settings=\"{&quot;content_width&quot;:&quot;full&quot;}\">\n\t\t\t\t<div class=\"elementor-element elementor-element-a2c0453 elementor-widget elementor-widget-heading\" data-id=\"a2c0453\" data-element_type=\"widget\" data-widget_type=\"heading.default\">\n\t\t\t\t<div class=\"elementor-widget-container\">\n\t\t\t<h2 class=\"elementor-heading-title elementor-size-default\">Assure ta performance et ton impact entreprise<\/h2>\t\t<\/div>\n\t\t\t\t<\/div>\n\t\t\t\t<div class=\"elementor-element elementor-element-a5be391 elementor-widget elementor-widget-text-editor\" data-id=\"a5be391\" data-element_type=\"widget\" data-widget_type=\"text-editor.default\">\n\t\t\t\t<div class=\"elementor-widget-container\">\n\t\t\t\t\t\t\tUne gestion sous total contr\u00f4le de vos performances et vos retour sur investissement des talents\t\t\t\t\t\t<\/div>\n\t\t\t\t<\/div>\n\t\t\t\t<div class=\"elementor-element elementor-element-f4cc65e elementor-widget elementor-widget-button\" data-id=\"f4cc65e\" data-element_type=\"widget\" data-widget_type=\"button.default\">\n\t\t\t\t<div class=\"elementor-widget-container\">\n\t\t\t\t\t<div class=\"elementor-button-wrapper\">\n\t\t\t<a href=\"https:\/\/flixtalent.com\/en\/pour-les-entreprises\/\" class=\"elementor-button-link elementor-button elementor-size-sm\" role=\"button\">\n\t\t\t\t\t\t<span class=\"elementor-button-content-wrapper\">\n\t\t\t\t\t\t<span class=\"elementor-button-text\">\u00c0 partir de 489,90 \u20ac \/ Mois<\/span>\n\t\t<\/span>\n\t\t\t\t\t<\/a>\n\t\t<\/div>\n\t\t\t\t<\/div>\n\t\t\t\t<\/div>\n\t\t\t\t<\/div>\n\t\t\t\t\t<\/div>\n\t\t\t\t<\/div>\n\t\t\t\t\t<\/div>\n\t\t\t\t<\/div>\n\t\t\t\t\t\t\t<\/div>","protected":false},"excerpt":{"rendered":"<p>FlixMonitor S\u00e9lectionner Engager R\u00e9ussir Identifier les meilleurs talents Une plateforme de s\u00e9lection des meilleurs professionnels et talents pour vous impacter \u00c0 partir de 489,90 \u20ac \/ Mois Collabore avec les meilleurs talents Des espaces d\u2019\u00e9changes avec des professionnels d\u00e9termin\u00e9s \u00e0 r\u00e9ussir leurs carri\u00e8res professionnelles et \u00e0 exceller dans vos projets \u00c0 partir de 489,90 \u20ac&hellip; <a class=\"more-link\" href=\"https:\/\/flixtalent.com\/en\/flixmonitor-business\/\">Continue reading <span class=\"screen-reader-text\">Flixmonitor Business<\/span><\/a><\/p>","protected":false},"author":1,"featured_media":0,"parent":0,"menu_order":0,"comment_status":"closed","ping_status":"closed","template":"","meta":{"_eb_attr":"","om_disable_all_campaigns":false,"_monsterinsights_skip_tracking":false,"_monsterinsights_sitenote_active":false,"_monsterinsights_sitenote_note":"","_monsterinsights_sitenote_category":0,"footnotes":""},"class_list":["post-3194","page","type-page","status-publish","hentry","entry"],"aioseo_notices":[],"_links":{"self":[{"href":"https:\/\/flixtalent.com\/en\/wp-json\/wp\/v2\/pages\/3194","targetHints":{"allow":["GET"]}}],"collection":[{"href":"https:\/\/flixtalent.com\/en\/wp-json\/wp\/v2\/pages"}],"about":[{"href":"https:\/\/flixtalent.com\/en\/wp-json\/wp\/v2\/types\/page"}],"author":[{"embeddable":true,"href":"https:\/\/flixtalent.com\/en\/wp-json\/wp\/v2\/users\/1"}],"replies":[{"embeddable":true,"href":"https:\/\/flixtalent.com\/en\/wp-json\/wp\/v2\/comments?post=3194"}],"version-history":[{"count":19,"href":"https:\/\/flixtalent.com\/en\/wp-json\/wp\/v2\/pages\/3194\/revisions"}],"predecessor-version":[{"id":3813,"href":"https:\/\/flixtalent.com\/en\/wp-json\/wp\/v2\/pages\/3194\/revisions\/3813"}],"wp:attachment":[{"href":"https:\/\/flixtalent.com\/en\/wp-json\/wp\/v2\/media?parent=3194"}],"curies":[{"name":"wp","href":"https:\/\/api.w.org\/{rel}","templated":true}]}}